{"id":1299,"date":"2021-10-15T13:35:13","date_gmt":"2021-10-15T13:35:13","guid":{"rendered":"http:\/\/lopesfreresrenovation.com\/?page_id=1299"},"modified":"2021-10-15T13:35:27","modified_gmt":"2021-10-15T13:35:27","slug":"mentions-legales","status":"publish","type":"page","link":"https:\/\/lopesfreresrenovation.com\/?page_id=1299","title":{"rendered":"MENTIONS L\u00c9GALES"},"content":{"rendered":"\n<h1><strong>Pr\u00e9sentation du site.<\/strong><\/h1>\n\n\n\n<p>En vertu de l\u2019article 6 de la loi n\u00b0 2004-575 du 21 juin 2004 pour la confiance dans l\u2019\u00e9conomie num\u00e9rique, il est pr\u00e9cis\u00e9 aux utilisateurs du site\u00a0<a href=\"https:\/\/www.com4design.fr\/\">www.lopesfreresrenovation.<\/a>com\u00a0l\u2019identit\u00e9 des diff\u00e9rents intervenants dans le cadre de sa r\u00e9alisation et de son suivi :<\/p>\n\n\n\n<p><strong>Propri\u00e9taire<\/strong>&nbsp;:&nbsp;<\/p>\n\n\n\n<p>LOPES FRERES<\/p>\n\n\n\n<p>2 rue des \u00e9coles&nbsp;<\/p>\n\n\n\n<p>91620 la ville du bois&nbsp;<\/p>\n\n\n\n<p><strong>Cr\u00e9ateur<\/strong>&nbsp;: LOPES FRERES<\/p>\n\n\n\n<p><strong>H\u00e9bergeur<\/strong>&nbsp;:&nbsp;OVH,&nbsp;<\/p>\n\n\n\n<p>Si\u00e8ge social : 2 rue Kellermann \u2013 59100 Roubaix \u2013 France.<\/p>\n\n\n\n<p><strong>Google Analytics :&nbsp;<\/strong>Ce site utilise Google Analytics, un service d\u2019analyse de site internet fourni par Google Inc. (\u00ab Google \u00bb). Google Analytics utilise des cookies, qui sont des fichiers texte plac\u00e9s sur votre ordinateur, pour aider le site internet \u00e0 analyser l\u2019utilisation du site par ses utilisateurs.<\/p>\n","protected":false},"excerpt":{"rendered":"<p>Pr\u00e9sentation du site. En vertu de l\u2019article 6 de la loi n\u00b0 2004-575 du 21 juin 2004 pour la confiance dans l\u2019\u00e9conomie num\u00e9rique, il est pr\u00e9cis\u00e9 aux utilisateurs du site\u00a0www.lopesfreresrenovation.com\u00a0l\u2019identit\u00e9 des diff\u00e9rents intervenants dans le cadre de sa r\u00e9alisation et de son suivi : Propri\u00e9taire&nbsp;:&nbsp; LOPES FRERES 2 rue des \u00e9coles&nbsp; 91620 la ville du [&hellip;]<\/p>\n","protected":false},"author":1,"featured_media":0,"parent":0,"menu_order":0,"comment_status":"closed","ping_status":"closed","template":"","meta":[],"_links":{"self":[{"href":"https:\/\/lopesfreresrenovation.com\/index.php?rest_route=\/wp\/v2\/pages\/1299"}],"collection":[{"href":"https:\/\/lopesfreresrenovation.com\/index.php?rest_route=\/wp\/v2\/pages"}],"about":[{"href":"https:\/\/lopesfreresrenovation.com\/index.php?rest_route=\/wp\/v2\/types\/page"}],"author":[{"embeddable":true,"href":"https:\/\/lopesfreresrenovation.com\/index.php?rest_route=\/wp\/v2\/users\/1"}],"replies":[{"embeddable":true,"href":"https:\/\/lopesfreresrenovation.com\/index.php?rest_route=%2Fwp%2Fv2%2Fcomments&post=1299"}],"version-history":[{"count":2,"href":"https:\/\/lopesfreresrenovation.com\/index.php?rest_route=\/wp\/v2\/pages\/1299\/revisions"}],"predecessor-version":[{"id":1301,"href":"https:\/\/lopesfreresrenovation.com\/index.php?rest_route=\/wp\/v2\/pages\/1299\/revisions\/1301"}],"wp:attachment":[{"href":"https:\/\/lopesfreresrenovation.com\/index.php?rest_route=%2Fwp%2Fv2%2Fmedia&parent=1299"}],"curies":[{"name":"wp","href":"https:\/\/api.w.org\/{rel}","templated":true}]}}